{"id":5051,"date":"2022-04-01T14:36:13","date_gmt":"2022-04-01T12:36:13","guid":{"rendered":"https:\/\/jet-view.com\/camo\/"},"modified":"2024-01-05T10:07:35","modified_gmt":"2024-01-05T09:07:35","slug":"camo","status":"publish","type":"page","link":"https:\/\/jet-view.com\/de\/flugzeugservices\/camo\/","title":{"rendered":"CAMO"},"content":{"rendered":"\t\t<div data-elementor-type=\"wp-page\" data-elementor-id=\"5051\" class=\"elementor elementor-5051 elementor-159\" data-elementor-post-type=\"page\">\n\t\t\t\t\t\t<section class=\"elementor-section elementor-top-section elementor-element elementor-element-df58281 elementor-section-content-middle elementor-section-height-min-height elementor-section-items-bottom elementor-section-boxed elementor-section-height-default\" data-id=\"df58281\" data-element_type=\"section\" data-e-type=\"section\" data-settings=\"{&quot;background_background&quot;:&quot;classic&quot;,&quot;jet_parallax_layout_list&quot;:[]}\">\n\t\t\t\t\t\t\t<div class=\"elementor-background-overlay\"><\/div>\n\t\t\t\t\t\t\t<div class=\"elementor-container elementor-column-gap-no\">\n\t\t\t\t\t<div class=\"elementor-column elementor-col-50 elementor-top-column elementor-element elementor-element-31efe4a5\" data-id=\"31efe4a5\" data-element_type=\"column\" data-e-type=\"column\">\n\t\t\t<div class=\"elementor-widget-wrap\">\n\t\t\t\t\t\t\t<\/div>\n\t\t<\/div>\n\t\t\t\t<div class=\"elementor-column elementor-col-50 elementor-top-column elementor-element elementor-element-138798f1\" data-id=\"138798f1\" data-element_type=\"column\" data-e-type=\"column\">\n\t\t\t<div class=\"elementor-widget-wrap elementor-element-populated\">\n\t\t\t\t\t\t<section class=\"elementor-section elementor-inner-section elementor-element elementor-element-12e3f2ae elementor-section-boxed elementor-section-height-default elementor-section-height-default\" data-id=\"12e3f2ae\" data-element_type=\"section\" data-e-type=\"section\" data-settings=\"{&quot;jet_parallax_layout_list&quot;:[]}\">\n\t\t\t\t\t\t<div class=\"elementor-container elementor-column-gap-default\">\n\t\t\t\t\t<div class=\"elementor-column elementor-col-100 elementor-inner-column elementor-element elementor-element-66dec1de\" data-id=\"66dec1de\" data-element_type=\"column\" data-e-type=\"column\" data-settings=\"{&quot;background_background&quot;:&quot;classic&quot;}\">\n\t\t\t<div class=\"elementor-widget-wrap elementor-element-populated\">\n\t\t\t\t\t\t<div class=\"elementor-element elementor-element-1b5c3afe uael-mobile-heading-align-center elementor-widget elementor-widget-uael-advanced-heading\" data-id=\"1b5c3afe\" data-element_type=\"widget\" data-e-type=\"widget\" data-widget_type=\"uael-advanced-heading.default\">\n\t\t\t\t<div class=\"elementor-widget-container\">\n\t\t\t\t\t\n\t\t<div class=\"uael-module-content uael-heading-wrapper\">\n\t\t\t\t\t\t\n\t\t\t<h1 class=\"uael-heading\">\n\t\t\t\t\t\t\t\t\t\t<span class=\"uael-heading-text elementor-inline-editing uael-size--default\" data-elementor-setting-key=\"heading_title\" data-elementor-inline-editing-toolbar=\"basic\">CAMO<\/span>\n\t\t\t\t\t\t\t<\/h1>\n\n\t\t\t\n\t\t\t\n\t\t\t\n\t\t\t\t\t\t<\/div>\n\t\t\t\t\t\t<\/div>\n\t\t\t\t<\/div>\n\t\t\t\t\t<\/div>\n\t\t<\/div>\n\t\t\t\t\t<\/div>\n\t\t<\/section>\n\t\t\t\t\t<\/div>\n\t\t<\/div>\n\t\t\t\t\t<\/div>\n\t\t<\/section>\n\t\t\t\t<section class=\"elementor-section elementor-top-section elementor-element elementor-element-6a90e53f elementor-section-height-min-height elementor-section-items-stretch elementor-section-boxed elementor-section-height-default\" data-id=\"6a90e53f\" data-element_type=\"section\" data-e-type=\"section\" data-settings=\"{&quot;jet_parallax_layout_list&quot;:[]}\">\n\t\t\t\t\t\t<div class=\"elementor-container elementor-column-gap-default\">\n\t\t\t\t\t<div class=\"elementor-column elementor-col-100 elementor-top-column elementor-element elementor-element-6433eda\" data-id=\"6433eda\" data-element_type=\"column\" data-e-type=\"column\">\n\t\t\t<div class=\"elementor-widget-wrap elementor-element-populated\">\n\t\t\t\t\t\t<section class=\"elementor-section elementor-inner-section elementor-element elementor-element-38bd108c elementor-reverse-mobile elementor-reverse-tablet elementor-section-boxed elementor-section-height-default elementor-section-height-default\" data-id=\"38bd108c\" data-element_type=\"section\" data-e-type=\"section\" data-settings=\"{&quot;jet_parallax_layout_list&quot;:[]}\">\n\t\t\t\t\t\t<div class=\"elementor-container elementor-column-gap-default\">\n\t\t\t\t\t<div class=\"elementor-column elementor-col-50 elementor-inner-column elementor-element elementor-element-45ce2d33\" data-id=\"45ce2d33\" data-element_type=\"column\" data-e-type=\"column\" data-settings=\"{&quot;background_background&quot;:&quot;classic&quot;}\">\n\t\t\t<div class=\"elementor-widget-wrap elementor-element-populated\">\n\t\t\t\t\t\t<div class=\"elementor-element elementor-element-1aeb701 elementor-widget elementor-widget-spacer\" data-id=\"1aeb701\" data-element_type=\"widget\" data-e-type=\"widget\" data-widget_type=\"spacer.default\">\n\t\t\t\t<div class=\"elementor-widget-container\">\n\t\t\t\t\t\t\t<div class=\"elementor-spacer\">\n\t\t\t<div class=\"elementor-spacer-inner\"><\/div>\n\t\t<\/div>\n\t\t\t\t\t\t<\/div>\n\t\t\t\t<\/div>\n\t\t\t\t\t<\/div>\n\t\t<\/div>\n\t\t\t\t<div class=\"elementor-column elementor-col-50 elementor-inner-column elementor-element elementor-element-138d23f7\" data-id=\"138d23f7\" data-element_type=\"column\" data-e-type=\"column\" data-settings=\"{&quot;background_background&quot;:&quot;classic&quot;}\">\n\t\t\t<div class=\"elementor-widget-wrap elementor-element-populated\">\n\t\t\t\t\t\t<div class=\"elementor-element elementor-element-1021deaa elementor-widget elementor-widget-heading\" data-id=\"1021deaa\" data-element_type=\"widget\" data-e-type=\"widget\" data-widget_type=\"heading.default\">\n\t\t\t\t<div class=\"elementor-widget-container\">\n\t\t\t\t\t<h2 class=\"elementor-heading-title elementor-size-default\">Continued Airworthiness Management Organisation <\/h2>\t\t\t\t<\/div>\n\t\t\t\t<\/div>\n\t\t\t\t<div class=\"elementor-element elementor-element-133fbefb elementor-widget elementor-widget-text-editor\" data-id=\"133fbefb\" data-element_type=\"widget\" data-e-type=\"widget\" data-widget_type=\"text-editor.default\">\n\t\t\t\t<div class=\"elementor-widget-container\">\n\t\t\t\t\t\t\t\t\t<p>Als offiziell von der EASA zertifizierter Flugzeugbetreiber verf\u00fcgen wir \u00fcber ein spezialisiertes technisches Team f\u00fcr das Continued Airworthiness Management (CAM) von Gesch\u00e4ftsflugzeugen. Unser Team ist f\u00fcr die korrekte Instandhaltung und den Zustand der Privatjets unserer Kunden verantwortlich. Es sorgt daf\u00fcr, dass die notwendigen Dokumente und technischen Anforderungen des Flugzeugs genauestens \u00fcberwacht und eingehalten werden.  <\/p>\n\t\t\t\t\t\t\t\t<\/div>\n\t\t\t\t<\/div>\n\t\t\t\t\t<\/div>\n\t\t<\/div>\n\t\t\t\t\t<\/div>\n\t\t<\/section>\n\t\t\t\t\t<\/div>\n\t\t<\/div>\n\t\t\t\t\t<\/div>\n\t\t<\/section>\n\t\t\t\t<section class=\"elementor-section elementor-top-section elementor-element elementor-element-7ebef867 elementor-section-boxed elementor-section-height-default elementor-section-height-default\" data-id=\"7ebef867\" data-element_type=\"section\" data-e-type=\"section\" data-settings=\"{&quot;background_background&quot;:&quot;classic&quot;,&quot;jet_parallax_layout_list&quot;:[]}\">\n\t\t\t\t\t\t<div class=\"elementor-container elementor-column-gap-default\">\n\t\t\t\t\t<div class=\"elementor-column elementor-col-100 elementor-top-column elementor-element elementor-element-361f1220\" data-id=\"361f1220\" data-element_type=\"column\" data-e-type=\"column\">\n\t\t\t<div class=\"elementor-widget-wrap elementor-element-populated\">\n\t\t\t\t\t\t<section class=\"elementor-section elementor-inner-section elementor-element elementor-element-439998fe elementor-section-full_width elementor-section-height-default elementor-section-height-default\" data-id=\"439998fe\" data-element_type=\"section\" data-e-type=\"section\" data-settings=\"{&quot;jet_parallax_layout_list&quot;:[]}\">\n\t\t\t\t\t\t<div class=\"elementor-container elementor-column-gap-default\">\n\t\t\t\t\t<div class=\"elementor-column elementor-col-50 elementor-inner-column elementor-element elementor-element-34a89098\" data-id=\"34a89098\" data-element_type=\"column\" data-e-type=\"column\">\n\t\t\t<div class=\"elementor-widget-wrap elementor-element-populated\">\n\t\t\t\t\t\t<div class=\"elementor-element elementor-element-61684dda elementor-widget elementor-widget-heading\" data-id=\"61684dda\" data-element_type=\"widget\" data-e-type=\"widget\" data-widget_type=\"heading.default\">\n\t\t\t\t<div class=\"elementor-widget-container\">\n\t\t\t\t\t<h2 class=\"elementor-heading-title elementor-size-default\">Unsere CAMO-Services<\/h2>\t\t\t\t<\/div>\n\t\t\t\t<\/div>\n\t\t\t\t\t<\/div>\n\t\t<\/div>\n\t\t\t\t<div class=\"elementor-column elementor-col-50 elementor-inner-column elementor-element elementor-element-15b40cbf\" data-id=\"15b40cbf\" data-element_type=\"column\" data-e-type=\"column\" data-settings=\"{&quot;background_background&quot;:&quot;classic&quot;}\">\n\t\t\t<div class=\"elementor-widget-wrap elementor-element-populated\">\n\t\t\t\t\t\t<div class=\"elementor-element elementor-element-592aeb39 elementor-widget elementor-widget-text-editor\" data-id=\"592aeb39\" data-element_type=\"widget\" data-e-type=\"widget\" data-widget_type=\"text-editor.default\">\n\t\t\t\t<div class=\"elementor-widget-container\">\n\t\t\t\t\t\t\t\t\t<p>Unsere spezialisierten CAMO-Techniker unterst\u00fctzen Sie mit den folgenden Dienstleistungen:<\/p>\n\t\t\t\t\t\t\t\t<\/div>\n\t\t\t\t<\/div>\n\t\t\t\t<div class=\"elementor-element elementor-element-4ba9106e elementor-icon-list--layout-traditional elementor-list-item-link-full_width elementor-widget elementor-widget-icon-list\" data-id=\"4ba9106e\" data-element_type=\"widget\" data-e-type=\"widget\" data-widget_type=\"icon-list.default\">\n\t\t\t\t<div class=\"elementor-widget-container\">\n\t\t\t\t\t\t\t<ul class=\"elementor-icon-list-items\">\n\t\t\t\t\t\t\t<li class=\"elementor-icon-list-item\">\n\t\t\t\t\t\t\t\t\t\t\t<span class=\"elementor-icon-list-icon\">\n\t\t\t\t\t\t\t<i aria-hidden=\"true\" class=\"icon icon-right-open-mini\"><\/i>\t\t\t\t\t\t<\/span>\n\t\t\t\t\t\t\t\t\t\t<span class=\"elementor-icon-list-text\">Ausstellung oder j\u00e4hrliche Erneuerung des Luftt\u00fcchtigkeitszeugnisses (ARC)<\/span>\n\t\t\t\t\t\t\t\t\t<\/li>\n\t\t\t\t\t\t\t\t<li class=\"elementor-icon-list-item\">\n\t\t\t\t\t\t\t\t\t\t\t<span class=\"elementor-icon-list-icon\">\n\t\t\t\t\t\t\t<i aria-hidden=\"true\" class=\"icon icon-right-open-mini\"><\/i>\t\t\t\t\t\t<\/span>\n\t\t\t\t\t\t\t\t\t\t<span class=\"elementor-icon-list-text\">Management und Planung der gesamten Wartungsarbeiten an einem Flugzeug. Dazu geh\u00f6ren Motoren, Komponenten und die Durchf\u00fchrung von Anpassungsarbeiten.  <\/span>\n\t\t\t\t\t\t\t\t\t<\/li>\n\t\t\t\t\t\t\t\t<li class=\"elementor-icon-list-item\">\n\t\t\t\t\t\t\t\t\t\t\t<span class=\"elementor-icon-list-icon\">\n\t\t\t\t\t\t\t<i aria-hidden=\"true\" class=\"icon icon-right-open-mini\"><\/i>\t\t\t\t\t\t<\/span>\n\t\t\t\t\t\t\t\t\t\t<span class=\"elementor-icon-list-text\">Inspektionen vor dem Flugzeugkauf<\/span>\n\t\t\t\t\t\t\t\t\t<\/li>\n\t\t\t\t\t\t\t\t<li class=\"elementor-icon-list-item\">\n\t\t\t\t\t\t\t\t\t\t\t<span class=\"elementor-icon-list-icon\">\n\t\t\t\t\t\t\t<i aria-hidden=\"true\" class=\"icon icon-right-open-mini\"><\/i>\t\t\t\t\t\t<\/span>\n\t\t\t\t\t\t\t\t\t\t<span class=\"elementor-icon-list-text\">Verwaltung von Flugzeugversicherungsanspr\u00fcchen<\/span>\n\t\t\t\t\t\t\t\t\t<\/li>\n\t\t\t\t\t\t\t\t<li class=\"elementor-icon-list-item\">\n\t\t\t\t\t\t\t\t\t\t\t<span class=\"elementor-icon-list-icon\">\n\t\t\t\t\t\t\t<i aria-hidden=\"true\" class=\"icon icon-right-open-mini\"><\/i>\t\t\t\t\t\t<\/span>\n\t\t\t\t\t\t\t\t\t\t<span class=\"elementor-icon-list-text\">Vollst\u00e4ndige Kontrolle der technischen Aufzeichnungen \u00fcber das Flugzeug, die Triebwerke und die Komponenten<\/span>\n\t\t\t\t\t\t\t\t\t<\/li>\n\t\t\t\t\t\t\t\t<li class=\"elementor-icon-list-item\">\n\t\t\t\t\t\t\t\t\t\t\t<span class=\"elementor-icon-list-icon\">\n\t\t\t\t\t\t\t<i aria-hidden=\"true\" class=\"icon icon-right-open-mini\"><\/i>\t\t\t\t\t\t<\/span>\n\t\t\t\t\t\t\t\t\t\t<span class=\"elementor-icon-list-text\">Kontrolle der Kosten f\u00fcr Wartungsleistungen in Wartungszentren<\/span>\n\t\t\t\t\t\t\t\t\t<\/li>\n\t\t\t\t\t\t\t\t<li class=\"elementor-icon-list-item\">\n\t\t\t\t\t\t\t\t\t\t\t<span class=\"elementor-icon-list-icon\">\n\t\t\t\t\t\t\t<i aria-hidden=\"true\" class=\"icon icon-right-open-mini\"><\/i>\t\t\t\t\t\t<\/span>\n\t\t\t\t\t\t\t\t\t\t<span class=\"elementor-icon-list-text\">Erstellung von Wartungsprogrammen und Minimum Equipment Listen (MEL), Revisionen und EASA-Zulassung.<\/span>\n\t\t\t\t\t\t\t\t\t<\/li>\n\t\t\t\t\t\t<\/ul>\n\t\t\t\t\t\t<\/div>\n\t\t\t\t<\/div>\n\t\t\t\t\t<\/div>\n\t\t<\/div>\n\t\t\t\t\t<\/div>\n\t\t<\/section>\n\t\t\t\t\t<\/div>\n\t\t<\/div>\n\t\t\t\t\t<\/div>\n\t\t<\/section>\n\t\t\t\t<section class=\"elementor-section elementor-top-section elementor-element elementor-element-7ab6ac72 elementor-section-boxed elementor-section-height-default elementor-section-height-default\" data-id=\"7ab6ac72\" data-element_type=\"section\" data-e-type=\"section\" data-settings=\"{&quot;jet_parallax_layout_list&quot;:[]}\">\n\t\t\t\t\t\t<div class=\"elementor-container elementor-column-gap-default\">\n\t\t\t\t\t<div class=\"elementor-column elementor-col-100 elementor-top-column elementor-element elementor-element-55f67313\" data-id=\"55f67313\" data-element_type=\"column\" data-e-type=\"column\">\n\t\t\t<div class=\"elementor-widget-wrap elementor-element-populated\">\n\t\t\t\t\t\t<section class=\"elementor-section elementor-inner-section elementor-element elementor-element-64a53b7f elementor-section-boxed elementor-section-height-default elementor-section-height-default\" data-id=\"64a53b7f\" data-element_type=\"section\" data-e-type=\"section\" data-settings=\"{&quot;jet_parallax_layout_list&quot;:[]}\">\n\t\t\t\t\t\t<div class=\"elementor-container elementor-column-gap-default\">\n\t\t\t\t\t<div class=\"elementor-column elementor-col-100 elementor-inner-column elementor-element elementor-element-70b73ddb\" data-id=\"70b73ddb\" data-element_type=\"column\" data-e-type=\"column\">\n\t\t\t<div class=\"elementor-widget-wrap elementor-element-populated\">\n\t\t\t\t\t\t<div class=\"elementor-element elementor-element-141b9893 elementor-widget elementor-widget-heading\" data-id=\"141b9893\" data-element_type=\"widget\" data-e-type=\"widget\" data-widget_type=\"heading.default\">\n\t\t\t\t<div class=\"elementor-widget-container\">\n\t\t\t\t\t<h3 class=\"elementor-heading-title elementor-size-default\">Mehr Informationen \u00fcber CAMO<\/h3>\t\t\t\t<\/div>\n\t\t\t\t<\/div>\n\t\t\t\t<div class=\"elementor-element elementor-element-7c3f715 elementor-widget elementor-widget-text-editor\" data-id=\"7c3f715\" data-element_type=\"widget\" data-e-type=\"widget\" data-widget_type=\"text-editor.default\">\n\t\t\t\t<div class=\"elementor-widget-container\">\n\t\t\t\t\t\t\t\t\t<p>Kontaktieren Sie unser Team unter info@jet-view.com oder rufen Sie uns an unter +31 85 4000 440. Unser Team unterst\u00fctzt Sie bei all Ihren Zweifeln und Fragen. <\/p>\n\t\t\t\t\t\t\t\t<\/div>\n\t\t\t\t<\/div>\n\t\t\t\t\t<\/div>\n\t\t<\/div>\n\t\t\t\t\t<\/div>\n\t\t<\/section>\n\t\t\t\t\t<\/div>\n\t\t<\/div>\n\t\t\t\t\t<\/div>\n\t\t<\/section>\n\t\t\t\t<\/div>\n\t\t","protected":false},"excerpt":{"rendered":"<p>CAMO Continued Airworthiness Management Organisation Als offiziell von der EASA zertifizierter Flugzeugbetreiber verf\u00fcgen wir \u00fcber ein spezialisiertes technisches Team f\u00fcr das Continued Airworthiness Management (CAM) von Gesch\u00e4ftsflugzeugen. Unser Team ist f\u00fcr die korrekte Instandhaltung und den Zustand der Privatjets unserer Kunden verantwortlich. Es sorgt daf\u00fcr, dass die notwendigen Dokumente und technischen Anforderungen des Flugzeugs genauestens [&hellip;]<\/p>\n","protected":false},"author":2,"featured_media":0,"parent":5056,"menu_order":0,"comment_status":"closed","ping_status":"closed","template":"elementor_header_footer","meta":{"site-sidebar-layout":"no-sidebar","site-content-layout":"page-builder","ast-site-content-layout":"full-width-container","site-content-style":"unboxed","site-sidebar-style":"unboxed","ast-global-header-display":"","ast-banner-title-visibility":"","ast-main-header-display":"","ast-hfb-above-header-display":"","ast-hfb-below-header-display":"","ast-hfb-mobile-header-display":"","site-post-title":"disabled","ast-breadcrumbs-content":"","ast-featured-img":"disabled","footer-sml-layout":"","ast-disable-related-posts":"","theme-transparent-header-meta":"","adv-header-id-meta":"","stick-header-meta":"","header-above-stick-meta":"","header-main-stick-meta":"","header-below-stick-meta":"","astra-migrate-meta-layouts":"default","ast-page-background-enabled":"default","ast-page-background-meta":{"desktop":{"background-color":"var(--ast-global-color-4)","background-image":"","background-repeat":"repeat","background-position":"center center","background-size":"auto","background-attachment":"scroll","background-type":"","background-media":"","overlay-type":"","overlay-color":"","overlay-opacity":"","overlay-gradient":""},"tablet":{"background-color":"","background-image":"","background-repeat":"repeat","background-position":"center center","background-size":"auto","background-attachment":"scroll","background-type":"","background-media":"","overlay-type":"","overlay-color":"","overlay-opacity":"","overlay-gradient":""},"mobile":{"background-color":"","background-image":"","background-repeat":"repeat","background-position":"center center","background-size":"auto","background-attachment":"scroll","background-type":"","background-media":"","overlay-type":"","overlay-color":"","overlay-opacity":"","overlay-gradient":""}},"ast-content-background-meta":{"desktop":{"background-color":"var(--ast-global-color-5)","background-image":"","background-repeat":"repeat","background-position":"center center","background-size":"auto","background-attachment":"scroll","background-type":"","background-media":"","overlay-type":"","overlay-color":"","overlay-opacity":"","overlay-gradient":""},"tablet":{"background-color":"var(--ast-global-color-5)","background-image":"","background-repeat":"repeat","background-position":"center center","background-size":"auto","background-attachment":"scroll","background-type":"","background-media":"","overlay-type":"","overlay-color":"","overlay-opacity":"","overlay-gradient":""},"mobile":{"background-color":"var(--ast-global-color-5)","background-image":"","background-repeat":"repeat","background-position":"center center","background-size":"auto","background-attachment":"scroll","background-type":"","background-media":"","overlay-type":"","overlay-color":"","overlay-opacity":"","overlay-gradient":""}},"footnotes":""},"class_list":["post-5051","page","type-page","status-publish","hentry"],"yoast_head":"<!-- This site is optimized with the Yoast SEO Premium plugin v23.7 (Yoast SEO v27.0) - https:\/\/yoast.com\/product\/yoast-seo-premium-wordpress\/ -->\n<title>CAMO - Jet View<\/title>\n<meta name=\"description\" content=\"Als EASA-zertifizierter Flugzeugbetreiber ist unser engagiertes technisches Team darauf spezialisiert, den optimalen Zustand von Gesch\u00e4ftsflugzeugen zu gew\u00e4hrleisten.\" \/>\n<meta name=\"robots\" content=\"index, follow, max-snippet:-1, max-image-preview:large, max-video-preview:-1\" \/>\n<link rel=\"canonical\" href=\"https:\/\/jet-view.com\/de\/flugzeugservices\/camo\/\" \/>\n<meta property=\"og:locale\" content=\"de_DE\" \/>\n<meta property=\"og:type\" content=\"article\" \/>\n<meta property=\"og:title\" content=\"CAMO\" \/>\n<meta property=\"og:description\" content=\"Als EASA-zertifizierter Flugzeugbetreiber ist unser engagiertes technisches Team darauf spezialisiert, den optimalen Zustand von Gesch\u00e4ftsflugzeugen zu gew\u00e4hrleisten.\" \/>\n<meta property=\"og:url\" content=\"https:\/\/jet-view.com\/de\/flugzeugservices\/camo\/\" \/>\n<meta property=\"og:site_name\" content=\"Jet View\" \/>\n<meta property=\"article:modified_time\" content=\"2024-01-05T09:07:35+00:00\" \/>\n<meta name=\"twitter:card\" content=\"summary_large_image\" \/>\n<meta name=\"twitter:label1\" content=\"Gesch\u00e4tzte Lesezeit\" \/>\n\t<meta name=\"twitter:data1\" content=\"1\u00a0Minute\" \/>\n<script type=\"application\/ld+json\" class=\"yoast-schema-graph\">{\"@context\":\"https:\/\/schema.org\",\"@graph\":[{\"@type\":\"WebPage\",\"@id\":\"https:\/\/jet-view.com\/de\/flugzeugservices\/camo\/\",\"url\":\"https:\/\/jet-view.com\/de\/flugzeugservices\/camo\/\",\"name\":\"CAMO - Jet View\",\"isPartOf\":{\"@id\":\"https:\/\/jet-view.com\/de\/#website\"},\"datePublished\":\"2022-04-01T12:36:13+00:00\",\"dateModified\":\"2024-01-05T09:07:35+00:00\",\"description\":\"Als EASA-zertifizierter Flugzeugbetreiber ist unser engagiertes technisches Team darauf spezialisiert, den optimalen Zustand von Gesch\u00e4ftsflugzeugen zu gew\u00e4hrleisten.\",\"breadcrumb\":{\"@id\":\"https:\/\/jet-view.com\/de\/flugzeugservices\/camo\/#breadcrumb\"},\"inLanguage\":\"de\",\"potentialAction\":[{\"@type\":\"ReadAction\",\"target\":[\"https:\/\/jet-view.com\/de\/flugzeugservices\/camo\/\"]}]},{\"@type\":\"BreadcrumbList\",\"@id\":\"https:\/\/jet-view.com\/de\/flugzeugservices\/camo\/#breadcrumb\",\"itemListElement\":[{\"@type\":\"ListItem\",\"position\":1,\"name\":\"Home\",\"item\":\"https:\/\/jet-view.com\/de\/home\/\"},{\"@type\":\"ListItem\",\"position\":2,\"name\":\"Flugzeugservices\",\"item\":\"https:\/\/jet-view.com\/de\/aircraft-services\/\"},{\"@type\":\"ListItem\",\"position\":3,\"name\":\"CAMO\"}]},{\"@type\":\"WebSite\",\"@id\":\"https:\/\/jet-view.com\/de\/#website\",\"url\":\"https:\/\/jet-view.com\/de\/\",\"name\":\"Jet View\",\"description\":\"Your Aviation Partner\",\"publisher\":{\"@id\":\"https:\/\/jet-view.com\/de\/#organization\"},\"potentialAction\":[{\"@type\":\"SearchAction\",\"target\":{\"@type\":\"EntryPoint\",\"urlTemplate\":\"https:\/\/jet-view.com\/de\/?s={search_term_string}\"},\"query-input\":{\"@type\":\"PropertyValueSpecification\",\"valueRequired\":true,\"valueName\":\"search_term_string\"}}],\"inLanguage\":\"de\"},{\"@type\":\"Organization\",\"@id\":\"https:\/\/jet-view.com\/de\/#organization\",\"name\":\"Jet View\",\"url\":\"https:\/\/jet-view.com\/de\/\",\"logo\":{\"@type\":\"ImageObject\",\"inLanguage\":\"de\",\"@id\":\"https:\/\/jet-view.com\/de\/#\/schema\/logo\/image\/\",\"url\":\"https:\/\/jet-view.com\/wp-content\/uploads\/2022\/03\/Logo-Jet-View-font-dark.png\",\"contentUrl\":\"https:\/\/jet-view.com\/wp-content\/uploads\/2022\/03\/Logo-Jet-View-font-dark.png\",\"width\":2016,\"height\":186,\"caption\":\"Jet View\"},\"image\":{\"@id\":\"https:\/\/jet-view.com\/de\/#\/schema\/logo\/image\/\"}}]}<\/script>\n<!-- \/ Yoast SEO Premium plugin. -->","yoast_head_json":{"title":"CAMO - Jet View","description":"Als EASA-zertifizierter Flugzeugbetreiber ist unser engagiertes technisches Team darauf spezialisiert, den optimalen Zustand von Gesch\u00e4ftsflugzeugen zu gew\u00e4hrleisten.","robots":{"index":"index","follow":"follow","max-snippet":"max-snippet:-1","max-image-preview":"max-image-preview:large","max-video-preview":"max-video-preview:-1"},"canonical":"https:\/\/jet-view.com\/de\/flugzeugservices\/camo\/","og_locale":"de_DE","og_type":"article","og_title":"CAMO","og_description":"Als EASA-zertifizierter Flugzeugbetreiber ist unser engagiertes technisches Team darauf spezialisiert, den optimalen Zustand von Gesch\u00e4ftsflugzeugen zu gew\u00e4hrleisten.","og_url":"https:\/\/jet-view.com\/de\/flugzeugservices\/camo\/","og_site_name":"Jet View","article_modified_time":"2024-01-05T09:07:35+00:00","twitter_card":"summary_large_image","twitter_misc":{"Gesch\u00e4tzte Lesezeit":"1\u00a0Minute"},"schema":{"@context":"https:\/\/schema.org","@graph":[{"@type":"WebPage","@id":"https:\/\/jet-view.com\/de\/flugzeugservices\/camo\/","url":"https:\/\/jet-view.com\/de\/flugzeugservices\/camo\/","name":"CAMO - Jet View","isPartOf":{"@id":"https:\/\/jet-view.com\/de\/#website"},"datePublished":"2022-04-01T12:36:13+00:00","dateModified":"2024-01-05T09:07:35+00:00","description":"Als EASA-zertifizierter Flugzeugbetreiber ist unser engagiertes technisches Team darauf spezialisiert, den optimalen Zustand von Gesch\u00e4ftsflugzeugen zu gew\u00e4hrleisten.","breadcrumb":{"@id":"https:\/\/jet-view.com\/de\/flugzeugservices\/camo\/#breadcrumb"},"inLanguage":"de","potentialAction":[{"@type":"ReadAction","target":["https:\/\/jet-view.com\/de\/flugzeugservices\/camo\/"]}]},{"@type":"BreadcrumbList","@id":"https:\/\/jet-view.com\/de\/flugzeugservices\/camo\/#breadcrumb","itemListElement":[{"@type":"ListItem","position":1,"name":"Home","item":"https:\/\/jet-view.com\/de\/home\/"},{"@type":"ListItem","position":2,"name":"Flugzeugservices","item":"https:\/\/jet-view.com\/de\/aircraft-services\/"},{"@type":"ListItem","position":3,"name":"CAMO"}]},{"@type":"WebSite","@id":"https:\/\/jet-view.com\/de\/#website","url":"https:\/\/jet-view.com\/de\/","name":"Jet View","description":"Your Aviation Partner","publisher":{"@id":"https:\/\/jet-view.com\/de\/#organization"},"potentialAction":[{"@type":"SearchAction","target":{"@type":"EntryPoint","urlTemplate":"https:\/\/jet-view.com\/de\/?s={search_term_string}"},"query-input":{"@type":"PropertyValueSpecification","valueRequired":true,"valueName":"search_term_string"}}],"inLanguage":"de"},{"@type":"Organization","@id":"https:\/\/jet-view.com\/de\/#organization","name":"Jet View","url":"https:\/\/jet-view.com\/de\/","logo":{"@type":"ImageObject","inLanguage":"de","@id":"https:\/\/jet-view.com\/de\/#\/schema\/logo\/image\/","url":"https:\/\/jet-view.com\/wp-content\/uploads\/2022\/03\/Logo-Jet-View-font-dark.png","contentUrl":"https:\/\/jet-view.com\/wp-content\/uploads\/2022\/03\/Logo-Jet-View-font-dark.png","width":2016,"height":186,"caption":"Jet View"},"image":{"@id":"https:\/\/jet-view.com\/de\/#\/schema\/logo\/image\/"}}]}},"_links":{"self":[{"href":"https:\/\/jet-view.com\/de\/wp-json\/wp\/v2\/pages\/5051","targetHints":{"allow":["GET"]}}],"collection":[{"href":"https:\/\/jet-view.com\/de\/wp-json\/wp\/v2\/pages"}],"about":[{"href":"https:\/\/jet-view.com\/de\/wp-json\/wp\/v2\/types\/page"}],"author":[{"embeddable":true,"href":"https:\/\/jet-view.com\/de\/wp-json\/wp\/v2\/users\/2"}],"replies":[{"embeddable":true,"href":"https:\/\/jet-view.com\/de\/wp-json\/wp\/v2\/comments?post=5051"}],"version-history":[{"count":2,"href":"https:\/\/jet-view.com\/de\/wp-json\/wp\/v2\/pages\/5051\/revisions"}],"predecessor-version":[{"id":8127,"href":"https:\/\/jet-view.com\/de\/wp-json\/wp\/v2\/pages\/5051\/revisions\/8127"}],"up":[{"embeddable":true,"href":"https:\/\/jet-view.com\/de\/wp-json\/wp\/v2\/pages\/5056"}],"wp:attachment":[{"href":"https:\/\/jet-view.com\/de\/wp-json\/wp\/v2\/media?parent=5051"}],"curies":[{"name":"wp","href":"https:\/\/api.w.org\/{rel}","templated":true}]}}