{"id":6949,"date":"2023-05-16T22:30:31","date_gmt":"2023-05-16T20:30:31","guid":{"rendered":"https:\/\/jet-view.com\/unsere-dienstleistungen\/hangar-mieten\/"},"modified":"2023-05-16T22:30:31","modified_gmt":"2023-05-16T20:30:31","slug":"hangar-mieten","status":"publish","type":"page","link":"https:\/\/jet-view.com\/de\/unsere-dienstleistungen\/hangar-mieten\/","title":{"rendered":"Hangar mieten"},"content":{"rendered":"\t\t<div data-elementor-type=\"wp-page\" data-elementor-id=\"6949\" class=\"elementor elementor-6949 elementor-1534\" data-elementor-post-type=\"page\">\n\t\t\t\t\t\t<section class=\"elementor-section elementor-top-section elementor-element elementor-element-161262ac elementor-section-content-middle elementor-section-height-min-height elementor-section-items-bottom elementor-section-boxed elementor-section-height-default\" data-id=\"161262ac\" data-element_type=\"section\" data-e-type=\"section\" data-settings=\"{&quot;background_background&quot;:&quot;classic&quot;,&quot;jet_parallax_layout_list&quot;:[]}\">\n\t\t\t\t\t\t\t<div class=\"elementor-background-overlay\"><\/div>\n\t\t\t\t\t\t\t<div class=\"elementor-container elementor-column-gap-no\">\n\t\t\t\t\t<div class=\"elementor-column elementor-col-50 elementor-top-column elementor-element elementor-element-507ac640\" data-id=\"507ac640\" data-element_type=\"column\" data-e-type=\"column\">\n\t\t\t<div class=\"elementor-widget-wrap\">\n\t\t\t\t\t\t\t<\/div>\n\t\t<\/div>\n\t\t\t\t<div class=\"elementor-column elementor-col-50 elementor-top-column elementor-element elementor-element-49d73dc5\" data-id=\"49d73dc5\" data-element_type=\"column\" data-e-type=\"column\">\n\t\t\t<div class=\"elementor-widget-wrap elementor-element-populated\">\n\t\t\t\t\t\t<section class=\"elementor-section elementor-inner-section elementor-element elementor-element-8f2ed54 elementor-section-boxed elementor-section-height-default elementor-section-height-default\" data-id=\"8f2ed54\" data-element_type=\"section\" data-e-type=\"section\" data-settings=\"{&quot;jet_parallax_layout_list&quot;:[]}\">\n\t\t\t\t\t\t<div class=\"elementor-container elementor-column-gap-default\">\n\t\t\t\t\t<div class=\"elementor-column elementor-col-100 elementor-inner-column elementor-element elementor-element-77c60539\" data-id=\"77c60539\" data-element_type=\"column\" data-e-type=\"column\" data-settings=\"{&quot;background_background&quot;:&quot;classic&quot;}\">\n\t\t\t<div class=\"elementor-widget-wrap elementor-element-populated\">\n\t\t\t\t\t\t<div class=\"elementor-element elementor-element-44a0e972 uael-mobile-heading-align-center elementor-widget elementor-widget-uael-advanced-heading\" data-id=\"44a0e972\" data-element_type=\"widget\" data-e-type=\"widget\" data-widget_type=\"uael-advanced-heading.default\">\n\t\t\t\t<div class=\"elementor-widget-container\">\n\t\t\t\t\t\n\t\t<div class=\"uael-module-content uael-heading-wrapper\">\n\t\t\t\t\t\t\n\t\t\t<h1 class=\"uael-heading\">\n\t\t\t\t\t\t\t\t\t\t<span class=\"uael-heading-text elementor-inline-editing uael-size--default\" data-elementor-setting-key=\"heading_title\" data-elementor-inline-editing-toolbar=\"basic\">Hangar mieten<\/span>\n\t\t\t\t\t\t\t<\/h1>\n\n\t\t\t\n\t\t\t\n\t\t\t\n\t\t\t\t\t\t<\/div>\n\t\t\t\t\t\t<\/div>\n\t\t\t\t<\/div>\n\t\t\t\t\t<\/div>\n\t\t<\/div>\n\t\t\t\t\t<\/div>\n\t\t<\/section>\n\t\t\t\t\t<\/div>\n\t\t<\/div>\n\t\t\t\t\t<\/div>\n\t\t<\/section>\n\t\t\t\t<section class=\"elementor-section elementor-top-section elementor-element elementor-element-7574c7ab elementor-section-height-min-height elementor-section-items-stretch elementor-section-boxed elementor-section-height-default\" data-id=\"7574c7ab\" data-element_type=\"section\" data-e-type=\"section\" data-settings=\"{&quot;jet_parallax_layout_list&quot;:[]}\">\n\t\t\t\t\t\t<div class=\"elementor-container elementor-column-gap-default\">\n\t\t\t\t\t<div class=\"elementor-column elementor-col-100 elementor-top-column elementor-element elementor-element-1375992\" data-id=\"1375992\" data-element_type=\"column\" data-e-type=\"column\">\n\t\t\t<div class=\"elementor-widget-wrap elementor-element-populated\">\n\t\t\t\t\t\t<section class=\"elementor-section elementor-inner-section elementor-element elementor-element-5e99db83 elementor-reverse-mobile elementor-reverse-tablet elementor-section-boxed elementor-section-height-default elementor-section-height-default\" data-id=\"5e99db83\" data-element_type=\"section\" data-e-type=\"section\" data-settings=\"{&quot;jet_parallax_layout_list&quot;:[]}\">\n\t\t\t\t\t\t<div class=\"elementor-container elementor-column-gap-default\">\n\t\t\t\t\t<div class=\"elementor-column elementor-col-50 elementor-inner-column elementor-element elementor-element-704638f6\" data-id=\"704638f6\" data-element_type=\"column\" data-e-type=\"column\">\n\t\t\t<div class=\"elementor-widget-wrap elementor-element-populated\">\n\t\t\t\t\t\t<div class=\"elementor-element elementor-element-4f14829a elementor-widget elementor-widget-image\" data-id=\"4f14829a\" data-element_type=\"widget\" data-e-type=\"widget\" data-widget_type=\"image.default\">\n\t\t\t\t<div class=\"elementor-widget-container\">\n\t\t\t\t\t\t\t\t\t\t\t\t\t\t\t<img fetchpriority=\"high\" decoding=\"async\" width=\"1024\" height=\"682\" src=\"https:\/\/jet-view.com\/wp-content\/uploads\/2022\/04\/Jet-View-fleet-1-1024x682.jpeg\" class=\"attachment-large size-large wp-image-6146\" alt=\"private jet fleet by Jet View your partner in aviation\" srcset=\"https:\/\/jet-view.com\/wp-content\/uploads\/2022\/04\/Jet-View-fleet-1-1024x682.jpeg 1024w, https:\/\/jet-view.com\/wp-content\/uploads\/2022\/04\/Jet-View-fleet-1-300x200.jpeg 300w, https:\/\/jet-view.com\/wp-content\/uploads\/2022\/04\/Jet-View-fleet-1-768x512.jpeg 768w, https:\/\/jet-view.com\/wp-content\/uploads\/2022\/04\/Jet-View-fleet-1.jpeg 1400w\" sizes=\"(max-width: 1024px) 100vw, 1024px\" \/>\t\t\t\t\t\t\t\t\t\t\t\t\t\t\t<\/div>\n\t\t\t\t<\/div>\n\t\t\t\t\t<\/div>\n\t\t<\/div>\n\t\t\t\t<div class=\"elementor-column elementor-col-50 elementor-inner-column elementor-element elementor-element-547c61c5\" data-id=\"547c61c5\" data-element_type=\"column\" data-e-type=\"column\" data-settings=\"{&quot;background_background&quot;:&quot;classic&quot;}\">\n\t\t\t<div class=\"elementor-widget-wrap elementor-element-populated\">\n\t\t\t\t\t\t<div class=\"elementor-element elementor-element-31c6599a elementor-widget elementor-widget-text-editor\" data-id=\"31c6599a\" data-element_type=\"widget\" data-e-type=\"widget\" data-widget_type=\"text-editor.default\">\n\t\t\t\t<div class=\"elementor-widget-container\">\n\t\t\t\t\t\t\t\t\t<p>Ben\u00f6tigen Sie einen Hangar f\u00fcr Ihr Privatflugzeug? Wir helfen Ihnen bei der Suche nach einem Hangar an einem beliebigen Flughafen, der f\u00fcr Sie am g\u00fcnstigsten ist. Ein Hangar bietet Schutz vor Witterungseinfl\u00fcssen, z. B. vor schlechtem Wetter. Au\u00dferdem bietet er einen sicheren Ort, um Ihr Flugzeug f\u00fcr Wartungs- und Reparaturarbeiten unterzustellen.   <\/p>\n<p>Es gibt eine Vielzahl von Optionen, die Ihren Bed\u00fcrfnissen entsprechen, wie z. B. verschiedene Hangartypen und unterschiedliche Gr\u00f6\u00dfen. Bei der Anmietung eines Hangars sind Faktoren wie Standort und Sicherheit zu ber\u00fccksichtigen. Die Kosten f\u00fcr die Anmietung eines Hangars h\u00e4ngen von der Art des Hangars, der Gr\u00f6\u00dfe, dem Standort und den zus\u00e4tzlichen Dienstleistungen ab.  <\/p>\n<p>Jet View erm\u00f6glicht derzeit die Anmietung von Hangars an verschiedenen Standorten in Europa. <\/p>\n\t\t\t\t\t\t\t\t<\/div>\n\t\t\t\t<\/div>\n\t\t\t\t\t<\/div>\n\t\t<\/div>\n\t\t\t\t\t<\/div>\n\t\t<\/section>\n\t\t\t\t<section class=\"elementor-section elementor-inner-section elementor-element elementor-element-9a41155 elementor-section-boxed elementor-section-height-default elementor-section-height-default\" data-id=\"9a41155\" data-element_type=\"section\" data-e-type=\"section\" data-settings=\"{&quot;jet_parallax_layout_list&quot;:[]}\">\n\t\t\t\t\t\t<div class=\"elementor-container elementor-column-gap-default\">\n\t\t\t\t\t<div class=\"elementor-column elementor-col-50 elementor-inner-column elementor-element elementor-element-33ad38aa\" data-id=\"33ad38aa\" data-element_type=\"column\" data-e-type=\"column\">\n\t\t\t<div class=\"elementor-widget-wrap elementor-element-populated\">\n\t\t\t\t\t\t<div class=\"elementor-element elementor-element-2fd44bd elementor-widget elementor-widget-heading\" data-id=\"2fd44bd\" data-element_type=\"widget\" data-e-type=\"widget\" data-widget_type=\"heading.default\">\n\t\t\t\t<div class=\"elementor-widget-container\">\n\t\t\t\t\t<h3 class=\"elementor-heading-title elementor-size-default\">Ben\u00f6tigen Sie weitere Informationen zur Hangarmiete? Kontaktieren Sie Jet View. <\/h3>\t\t\t\t<\/div>\n\t\t\t\t<\/div>\n\t\t\t\t\t<\/div>\n\t\t<\/div>\n\t\t\t\t<div class=\"elementor-column elementor-col-50 elementor-inner-column elementor-element elementor-element-7b7796ad\" data-id=\"7b7796ad\" data-element_type=\"column\" data-e-type=\"column\">\n\t\t\t<div class=\"elementor-widget-wrap elementor-element-populated\">\n\t\t\t\t\t\t<div class=\"elementor-element elementor-element-432d35ca elementor-align-center elementor-widget elementor-widget-button\" data-id=\"432d35ca\" data-element_type=\"widget\" data-e-type=\"widget\" data-widget_type=\"button.default\">\n\t\t\t\t<div class=\"elementor-widget-container\">\n\t\t\t\t\t\t\t\t\t<div class=\"elementor-button-wrapper\">\n\t\t\t\t\t<a class=\"elementor-button elementor-button-link elementor-size-sm\" href=\"https:\/\/jet-view.com\/de\/uber-uns\/contact\/\">\n\t\t\t\t\t\t<span class=\"elementor-button-content-wrapper\">\n\t\t\t\t\t\t<span class=\"elementor-button-icon\">\n\t\t\t\t<i aria-hidden=\"true\" class=\"fontelloicons-jet fontello-icons-jetright-open-mini\"><\/i>\t\t\t<\/span>\n\t\t\t\t\t\t\t\t\t<span class=\"elementor-button-text\">Kontakt<\/span>\n\t\t\t\t\t<\/span>\n\t\t\t\t\t<\/a>\n\t\t\t\t<\/div>\n\t\t\t\t\t\t\t\t<\/div>\n\t\t\t\t<\/div>\n\t\t\t\t\t<\/div>\n\t\t<\/div>\n\t\t\t\t\t<\/div>\n\t\t<\/section>\n\t\t\t\t\t<\/div>\n\t\t<\/div>\n\t\t\t\t\t<\/div>\n\t\t<\/section>\n\t\t\t\t<\/div>\n\t\t","protected":false},"excerpt":{"rendered":"<p>Hangar mieten Ben\u00f6tigen Sie einen Hangar f\u00fcr Ihr Privatflugzeug? Wir helfen Ihnen bei der Suche nach einem Hangar an einem beliebigen Flughafen, der f\u00fcr Sie am g\u00fcnstigsten ist. Ein Hangar bietet Schutz vor Witterungseinfl\u00fcssen, z. B. vor schlechtem Wetter. Au\u00dferdem bietet er einen sicheren Ort, um Ihr Flugzeug f\u00fcr Wartungs- und Reparaturarbeiten unterzustellen. Es gibt [&hellip;]<\/p>\n","protected":false},"author":2,"featured_media":0,"parent":6248,"menu_order":0,"comment_status":"closed","ping_status":"closed","template":"elementor_header_footer","meta":{"site-sidebar-layout":"no-sidebar","site-content-layout":"page-builder","ast-site-content-layout":"default","site-content-style":"default","site-sidebar-style":"default","ast-global-header-display":"","ast-banner-title-visibility":"","ast-main-header-display":"","ast-hfb-above-header-display":"","ast-hfb-below-header-display":"","ast-hfb-mobile-header-display":"","site-post-title":"disabled","ast-breadcrumbs-content":"","ast-featured-img":"disabled","footer-sml-layout":"","ast-disable-related-posts":"","theme-transparent-header-meta":"","adv-header-id-meta":"","stick-header-meta":"","header-above-stick-meta":"","header-main-stick-meta":"","header-below-stick-meta":"","astra-migrate-meta-layouts":"default","ast-page-background-enabled":"default","ast-page-background-meta":{"desktop":{"background-color":"var(--ast-global-color-4)","background-image":"","background-repeat":"repeat","background-position":"center center","background-size":"auto","background-attachment":"scroll","background-type":"","background-media":"","overlay-type":"","overlay-color":"","overlay-opacity":"","overlay-gradient":""},"tablet":{"background-color":"","background-image":"","background-repeat":"repeat","background-position":"center center","background-size":"auto","background-attachment":"scroll","background-type":"","background-media":"","overlay-type":"","overlay-color":"","overlay-opacity":"","overlay-gradient":""},"mobile":{"background-color":"","background-image":"","background-repeat":"repeat","background-position":"center center","background-size":"auto","background-attachment":"scroll","background-type":"","background-media":"","overlay-type":"","overlay-color":"","overlay-opacity":"","overlay-gradient":""}},"ast-content-background-meta":{"desktop":{"background-color":"var(--ast-global-color-5)","background-image":"","background-repeat":"repeat","background-position":"center center","background-size":"auto","background-attachment":"scroll","background-type":"","background-media":"","overlay-type":"","overlay-color":"","overlay-opacity":"","overlay-gradient":""},"tablet":{"background-color":"var(--ast-global-color-5)","background-image":"","background-repeat":"repeat","background-position":"center center","background-size":"auto","background-attachment":"scroll","background-type":"","background-media":"","overlay-type":"","overlay-color":"","overlay-opacity":"","overlay-gradient":""},"mobile":{"background-color":"var(--ast-global-color-5)","background-image":"","background-repeat":"repeat","background-position":"center center","background-size":"auto","background-attachment":"scroll","background-type":"","background-media":"","overlay-type":"","overlay-color":"","overlay-opacity":"","overlay-gradient":""}},"footnotes":""},"class_list":["post-6949","page","type-page","status-publish","hentry"],"yoast_head":"<!-- This site is optimized with the Yoast SEO Premium plugin v23.7 (Yoast SEO v27.0) - https:\/\/yoast.com\/product\/yoast-seo-premium-wordpress\/ -->\n<title>Hangar mieten - Jet View<\/title>\n<meta name=\"description\" content=\"M\u00f6chten Sie Ihr Privatflugzeug unterstellen? Bei Jet View k\u00f6nnen wir Ihnen einen Platz in unserem Hangar zusammen mit unseren Dienstleistungen anbieten.\" \/>\n<meta name=\"robots\" content=\"index, follow, max-snippet:-1, max-image-preview:large, max-video-preview:-1\" \/>\n<link rel=\"canonical\" href=\"https:\/\/jet-view.com\/de\/unsere-dienstleistungen\/hangar-mieten\/\" \/>\n<meta property=\"og:locale\" content=\"de_DE\" \/>\n<meta property=\"og:type\" content=\"article\" \/>\n<meta property=\"og:title\" content=\"Hangar mieten\" \/>\n<meta property=\"og:description\" content=\"M\u00f6chten Sie Ihr Privatflugzeug unterstellen? Bei Jet View k\u00f6nnen wir Ihnen einen Platz in unserem Hangar zusammen mit unseren Dienstleistungen anbieten.\" \/>\n<meta property=\"og:url\" content=\"https:\/\/jet-view.com\/de\/unsere-dienstleistungen\/hangar-mieten\/\" \/>\n<meta property=\"og:site_name\" content=\"Jet View\" \/>\n<meta property=\"og:image\" content=\"https:\/\/jet-view.com\/wp-content\/uploads\/2022\/04\/Jet-View-fleet-1-1024x682.jpeg\" \/>\n<meta name=\"twitter:card\" content=\"summary_large_image\" \/>\n<meta name=\"twitter:label1\" content=\"Gesch\u00e4tzte Lesezeit\" \/>\n\t<meta name=\"twitter:data1\" content=\"1\u00a0Minute\" \/>\n<script type=\"application\/ld+json\" class=\"yoast-schema-graph\">{\"@context\":\"https:\/\/schema.org\",\"@graph\":[{\"@type\":\"WebPage\",\"@id\":\"https:\/\/jet-view.com\/de\/unsere-dienstleistungen\/hangar-mieten\/\",\"url\":\"https:\/\/jet-view.com\/de\/unsere-dienstleistungen\/hangar-mieten\/\",\"name\":\"Hangar mieten - Jet View\",\"isPartOf\":{\"@id\":\"https:\/\/jet-view.com\/de\/#website\"},\"primaryImageOfPage\":{\"@id\":\"https:\/\/jet-view.com\/de\/unsere-dienstleistungen\/hangar-mieten\/#primaryimage\"},\"image\":{\"@id\":\"https:\/\/jet-view.com\/de\/unsere-dienstleistungen\/hangar-mieten\/#primaryimage\"},\"thumbnailUrl\":\"https:\/\/jet-view.com\/wp-content\/uploads\/2022\/04\/Jet-View-fleet-1-1024x682.jpeg\",\"datePublished\":\"2023-05-16T20:30:31+00:00\",\"description\":\"M\u00f6chten Sie Ihr Privatflugzeug unterstellen? Bei Jet View k\u00f6nnen wir Ihnen einen Platz in unserem Hangar zusammen mit unseren Dienstleistungen anbieten.\",\"breadcrumb\":{\"@id\":\"https:\/\/jet-view.com\/de\/unsere-dienstleistungen\/hangar-mieten\/#breadcrumb\"},\"inLanguage\":\"de\",\"potentialAction\":[{\"@type\":\"ReadAction\",\"target\":[\"https:\/\/jet-view.com\/de\/unsere-dienstleistungen\/hangar-mieten\/\"]}]},{\"@type\":\"ImageObject\",\"inLanguage\":\"de\",\"@id\":\"https:\/\/jet-view.com\/de\/unsere-dienstleistungen\/hangar-mieten\/#primaryimage\",\"url\":\"https:\/\/jet-view.com\/wp-content\/uploads\/2022\/04\/Jet-View-fleet-1-1024x682.jpeg\",\"contentUrl\":\"https:\/\/jet-view.com\/wp-content\/uploads\/2022\/04\/Jet-View-fleet-1-1024x682.jpeg\"},{\"@type\":\"BreadcrumbList\",\"@id\":\"https:\/\/jet-view.com\/de\/unsere-dienstleistungen\/hangar-mieten\/#breadcrumb\",\"itemListElement\":[{\"@type\":\"ListItem\",\"position\":1,\"name\":\"Home\",\"item\":\"https:\/\/jet-view.com\/de\/home\/\"},{\"@type\":\"ListItem\",\"position\":2,\"name\":\"Unsere Dienstleistungen\",\"item\":\"https:\/\/jet-view.com\/de\/our-services\/\"},{\"@type\":\"ListItem\",\"position\":3,\"name\":\"Hangar mieten\"}]},{\"@type\":\"WebSite\",\"@id\":\"https:\/\/jet-view.com\/de\/#website\",\"url\":\"https:\/\/jet-view.com\/de\/\",\"name\":\"Jet View\",\"description\":\"Your Aviation Partner\",\"publisher\":{\"@id\":\"https:\/\/jet-view.com\/de\/#organization\"},\"potentialAction\":[{\"@type\":\"SearchAction\",\"target\":{\"@type\":\"EntryPoint\",\"urlTemplate\":\"https:\/\/jet-view.com\/de\/?s={search_term_string}\"},\"query-input\":{\"@type\":\"PropertyValueSpecification\",\"valueRequired\":true,\"valueName\":\"search_term_string\"}}],\"inLanguage\":\"de\"},{\"@type\":\"Organization\",\"@id\":\"https:\/\/jet-view.com\/de\/#organization\",\"name\":\"Jet View\",\"url\":\"https:\/\/jet-view.com\/de\/\",\"logo\":{\"@type\":\"ImageObject\",\"inLanguage\":\"de\",\"@id\":\"https:\/\/jet-view.com\/de\/#\/schema\/logo\/image\/\",\"url\":\"https:\/\/jet-view.com\/wp-content\/uploads\/2022\/03\/Logo-Jet-View-font-dark.png\",\"contentUrl\":\"https:\/\/jet-view.com\/wp-content\/uploads\/2022\/03\/Logo-Jet-View-font-dark.png\",\"width\":2016,\"height\":186,\"caption\":\"Jet View\"},\"image\":{\"@id\":\"https:\/\/jet-view.com\/de\/#\/schema\/logo\/image\/\"}}]}<\/script>\n<!-- \/ Yoast SEO Premium plugin. -->","yoast_head_json":{"title":"Hangar mieten - Jet View","description":"M\u00f6chten Sie Ihr Privatflugzeug unterstellen? Bei Jet View k\u00f6nnen wir Ihnen einen Platz in unserem Hangar zusammen mit unseren Dienstleistungen anbieten.","robots":{"index":"index","follow":"follow","max-snippet":"max-snippet:-1","max-image-preview":"max-image-preview:large","max-video-preview":"max-video-preview:-1"},"canonical":"https:\/\/jet-view.com\/de\/unsere-dienstleistungen\/hangar-mieten\/","og_locale":"de_DE","og_type":"article","og_title":"Hangar mieten","og_description":"M\u00f6chten Sie Ihr Privatflugzeug unterstellen? Bei Jet View k\u00f6nnen wir Ihnen einen Platz in unserem Hangar zusammen mit unseren Dienstleistungen anbieten.","og_url":"https:\/\/jet-view.com\/de\/unsere-dienstleistungen\/hangar-mieten\/","og_site_name":"Jet View","og_image":[{"url":"https:\/\/jet-view.com\/wp-content\/uploads\/2022\/04\/Jet-View-fleet-1-1024x682.jpeg","type":"","width":"","height":""}],"twitter_card":"summary_large_image","twitter_misc":{"Gesch\u00e4tzte Lesezeit":"1\u00a0Minute"},"schema":{"@context":"https:\/\/schema.org","@graph":[{"@type":"WebPage","@id":"https:\/\/jet-view.com\/de\/unsere-dienstleistungen\/hangar-mieten\/","url":"https:\/\/jet-view.com\/de\/unsere-dienstleistungen\/hangar-mieten\/","name":"Hangar mieten - Jet View","isPartOf":{"@id":"https:\/\/jet-view.com\/de\/#website"},"primaryImageOfPage":{"@id":"https:\/\/jet-view.com\/de\/unsere-dienstleistungen\/hangar-mieten\/#primaryimage"},"image":{"@id":"https:\/\/jet-view.com\/de\/unsere-dienstleistungen\/hangar-mieten\/#primaryimage"},"thumbnailUrl":"https:\/\/jet-view.com\/wp-content\/uploads\/2022\/04\/Jet-View-fleet-1-1024x682.jpeg","datePublished":"2023-05-16T20:30:31+00:00","description":"M\u00f6chten Sie Ihr Privatflugzeug unterstellen? Bei Jet View k\u00f6nnen wir Ihnen einen Platz in unserem Hangar zusammen mit unseren Dienstleistungen anbieten.","breadcrumb":{"@id":"https:\/\/jet-view.com\/de\/unsere-dienstleistungen\/hangar-mieten\/#breadcrumb"},"inLanguage":"de","potentialAction":[{"@type":"ReadAction","target":["https:\/\/jet-view.com\/de\/unsere-dienstleistungen\/hangar-mieten\/"]}]},{"@type":"ImageObject","inLanguage":"de","@id":"https:\/\/jet-view.com\/de\/unsere-dienstleistungen\/hangar-mieten\/#primaryimage","url":"https:\/\/jet-view.com\/wp-content\/uploads\/2022\/04\/Jet-View-fleet-1-1024x682.jpeg","contentUrl":"https:\/\/jet-view.com\/wp-content\/uploads\/2022\/04\/Jet-View-fleet-1-1024x682.jpeg"},{"@type":"BreadcrumbList","@id":"https:\/\/jet-view.com\/de\/unsere-dienstleistungen\/hangar-mieten\/#breadcrumb","itemListElement":[{"@type":"ListItem","position":1,"name":"Home","item":"https:\/\/jet-view.com\/de\/home\/"},{"@type":"ListItem","position":2,"name":"Unsere Dienstleistungen","item":"https:\/\/jet-view.com\/de\/our-services\/"},{"@type":"ListItem","position":3,"name":"Hangar mieten"}]},{"@type":"WebSite","@id":"https:\/\/jet-view.com\/de\/#website","url":"https:\/\/jet-view.com\/de\/","name":"Jet View","description":"Your Aviation Partner","publisher":{"@id":"https:\/\/jet-view.com\/de\/#organization"},"potentialAction":[{"@type":"SearchAction","target":{"@type":"EntryPoint","urlTemplate":"https:\/\/jet-view.com\/de\/?s={search_term_string}"},"query-input":{"@type":"PropertyValueSpecification","valueRequired":true,"valueName":"search_term_string"}}],"inLanguage":"de"},{"@type":"Organization","@id":"https:\/\/jet-view.com\/de\/#organization","name":"Jet View","url":"https:\/\/jet-view.com\/de\/","logo":{"@type":"ImageObject","inLanguage":"de","@id":"https:\/\/jet-view.com\/de\/#\/schema\/logo\/image\/","url":"https:\/\/jet-view.com\/wp-content\/uploads\/2022\/03\/Logo-Jet-View-font-dark.png","contentUrl":"https:\/\/jet-view.com\/wp-content\/uploads\/2022\/03\/Logo-Jet-View-font-dark.png","width":2016,"height":186,"caption":"Jet View"},"image":{"@id":"https:\/\/jet-view.com\/de\/#\/schema\/logo\/image\/"}}]}},"_links":{"self":[{"href":"https:\/\/jet-view.com\/de\/wp-json\/wp\/v2\/pages\/6949","targetHints":{"allow":["GET"]}}],"collection":[{"href":"https:\/\/jet-view.com\/de\/wp-json\/wp\/v2\/pages"}],"about":[{"href":"https:\/\/jet-view.com\/de\/wp-json\/wp\/v2\/types\/page"}],"author":[{"embeddable":true,"href":"https:\/\/jet-view.com\/de\/wp-json\/wp\/v2\/users\/2"}],"replies":[{"embeddable":true,"href":"https:\/\/jet-view.com\/de\/wp-json\/wp\/v2\/comments?post=6949"}],"version-history":[{"count":0,"href":"https:\/\/jet-view.com\/de\/wp-json\/wp\/v2\/pages\/6949\/revisions"}],"up":[{"embeddable":true,"href":"https:\/\/jet-view.com\/de\/wp-json\/wp\/v2\/pages\/6248"}],"wp:attachment":[{"href":"https:\/\/jet-view.com\/de\/wp-json\/wp\/v2\/media?parent=6949"}],"curies":[{"name":"wp","href":"https:\/\/api.w.org\/{rel}","templated":true}]}}